{"id":81,"date":"2020-04-25T20:01:28","date_gmt":"2020-04-25T20:01:28","guid":{"rendered":"https:\/\/planvolgo.com\/?page_id=81"},"modified":"2025-02-04T19:58:27","modified_gmt":"2025-02-04T19:58:27","slug":"sobre-volgo","status":"publish","type":"page","link":"https:\/\/planvolgo.com\/es\/sobre-volgo\/","title":{"rendered":"Sobre Volgo"},"content":{"rendered":"<div data-elementor-type=\"wp-page\" data-elementor-id=\"81\" class=\"elementor elementor-81\">\n\t\t\t\t<div class=\"elementor-element elementor-element-4c33295 e-con-full e-flex e-con e-parent\" data-id=\"4c33295\" data-element_type=\"container\" data-e-type=\"container\">\n\t\t\t\t<div class=\"elementor-element elementor-element-877bae7 animated-slow elementor-invisible elementor-widget elementor-widget-image\" data-id=\"877bae7\" data-element_type=\"widget\" data-e-type=\"widget\" data-settings=\"{&quot;_animation&quot;:&quot;fadeIn&quot;}\" data-widget_type=\"image.default\">\n\t\t\t\t<div class=\"elementor-widget-container\">\n\t\t\t\t\t\t\t\t\t\t\t\t\t\t\t<img fetchpriority=\"high\" decoding=\"async\" width=\"1200\" height=\"411\" src=\"https:\/\/planvolgo.com\/wp-content\/uploads\/2025\/01\/Sin-titulo-1-2048x701.png\" class=\"attachment-large size-large wp-image-2828\" alt=\"\" srcset=\"https:\/\/planvolgo.com\/wp-content\/uploads\/2025\/01\/Sin-titulo-1-2048x701.png 2048w, https:\/\/planvolgo.com\/wp-content\/uploads\/2025\/01\/Sin-titulo-1-300x103.png 300w, https:\/\/planvolgo.com\/wp-content\/uploads\/2025\/01\/Sin-titulo-1-768x263.png 768w, https:\/\/planvolgo.com\/wp-content\/uploads\/2025\/01\/Sin-titulo-1-1536x526.png 1536w, https:\/\/planvolgo.com\/wp-content\/uploads\/2025\/01\/Sin-titulo-1-18x6.png 18w\" sizes=\"(max-width: 1200px) 100vw, 1200px\" \/>\t\t\t\t\t\t\t\t\t\t\t\t\t\t\t<\/div>\n\t\t\t\t<\/div>\n\t\t\t\t<div class=\"elementor-element elementor-element-bedd291 elementor-widget elementor-widget-heading\" data-id=\"bedd291\" data-element_type=\"widget\" data-e-type=\"widget\" data-widget_type=\"heading.default\">\n\t\t\t\t<div class=\"elementor-widget-container\">\n\t\t\t\t\t<h2 class=\"elementor-heading-title elementor-size-default\">Dise\u00f1o - Redes sociales - Websites - Marketing<\/h2>\t\t\t\t<\/div>\n\t\t\t\t<\/div>\n\t\t\t\t<\/div>\n\t\t\t\t<section class=\"elementor-section elementor-top-section elementor-element elementor-element-7e42ec2 elementor-section-full_width elementor-section-height-default elementor-section-height-default\" data-id=\"7e42ec2\" data-element_type=\"section\" data-e-type=\"section\">\n\t\t\t\t\t\t<div class=\"elementor-container elementor-column-gap-default\">\n\t\t\t\t\t<div class=\"elementor-column elementor-col-100 elementor-top-column elementor-element elementor-element-b2d8b4d\" data-id=\"b2d8b4d\" data-element_type=\"column\" data-e-type=\"column\">\n\t\t\t<div class=\"elementor-widget-wrap elementor-element-populated\">\n\t\t\t\t\t\t<div class=\"elementor-element elementor-element-4b17490 elementor-widget elementor-widget-heading\" data-id=\"4b17490\" data-element_type=\"widget\" data-e-type=\"widget\" data-widget_type=\"heading.default\">\n\t\t\t\t<div class=\"elementor-widget-container\">\n\t\t\t\t\t<h2 class=\"elementor-heading-title elementor-size-default\">\u00bfQu\u00e9 es Volgo?<\/h2>\t\t\t\t<\/div>\n\t\t\t\t<\/div>\n\t\t\t\t<section class=\"elementor-section elementor-inner-section elementor-element elementor-element-cdbdcc6 elementor-section-full_width elementor-section-height-min-height elementor-section-height-default\" data-id=\"cdbdcc6\" data-element_type=\"section\" data-e-type=\"section\">\n\t\t\t\t\t\t<div class=\"elementor-container elementor-column-gap-default\">\n\t\t\t\t\t<div class=\"elementor-column elementor-col-50 elementor-inner-column elementor-element elementor-element-1137c52\" data-id=\"1137c52\" data-element_type=\"column\" data-e-type=\"column\" data-settings=\"{&quot;background_background&quot;:&quot;classic&quot;}\">\n\t\t\t<div class=\"elementor-widget-wrap elementor-element-populated\">\n\t\t\t\t\t\t<div class=\"elementor-element elementor-element-edd3d06 elementor-hidden-tablet elementor-hidden-mobile elementor-widget elementor-widget-image\" data-id=\"edd3d06\" data-element_type=\"widget\" data-e-type=\"widget\" data-widget_type=\"image.default\">\n\t\t\t\t<div class=\"elementor-widget-container\">\n\t\t\t\t\t\t\t\t\t\t\t\t\t\t\t<img decoding=\"async\" width=\"2892\" height=\"990\" src=\"https:\/\/planvolgo.com\/wp-content\/uploads\/2025\/01\/Sin-titulo-1.png\" class=\"attachment-full size-full wp-image-2828\" alt=\"\" srcset=\"https:\/\/planvolgo.com\/wp-content\/uploads\/2025\/01\/Sin-titulo-1.png 2892w, https:\/\/planvolgo.com\/wp-content\/uploads\/2025\/01\/Sin-titulo-1-300x103.png 300w, https:\/\/planvolgo.com\/wp-content\/uploads\/2025\/01\/Sin-titulo-1-2048x701.png 2048w, https:\/\/planvolgo.com\/wp-content\/uploads\/2025\/01\/Sin-titulo-1-768x263.png 768w, https:\/\/planvolgo.com\/wp-content\/uploads\/2025\/01\/Sin-titulo-1-1536x526.png 1536w, https:\/\/planvolgo.com\/wp-content\/uploads\/2025\/01\/Sin-titulo-1-18x6.png 18w\" sizes=\"(max-width: 2892px) 100vw, 2892px\" \/>\t\t\t\t\t\t\t\t\t\t\t\t\t\t\t<\/div>\n\t\t\t\t<\/div>\n\t\t\t\t\t<\/div>\n\t\t<\/div>\n\t\t\t\t<div class=\"elementor-column elementor-col-50 elementor-inner-column elementor-element elementor-element-c4c5647\" data-id=\"c4c5647\" data-element_type=\"column\" data-e-type=\"column\">\n\t\t\t<div class=\"elementor-widget-wrap elementor-element-populated\">\n\t\t\t\t\t\t<div class=\"elementor-element elementor-element-2019de1 elementor-widget__width-initial elementor-widget elementor-widget-text-editor\" data-id=\"2019de1\" data-element_type=\"widget\" data-e-type=\"widget\" data-widget_type=\"text-editor.default\">\n\t\t\t\t<div class=\"elementor-widget-container\">\n\t\t\t\t\t\t\t\t\t<p>Un proyecto que surge con la idea de ofrecer la planificaci\u00f3n e implementaci\u00f3n del marketing de una forma accesible para los peque\u00f1os negocios. Creando un proceso en el que adapta y ordena la informaci\u00f3n espec\u00edficamente seg\u00fan el caso de cada cliente.<\/p><p>La idea es ser el departamento de marketing de peque\u00f1os negocios, para que nos realicen pedidos que necesitan y puedan ser guiados por profesionales.<\/p><p>La ventaja que propone Volgo es generar una relaci\u00f3n con los clientes en la que puedan entender y aprender durante el proceso para que se pueda percibir el verdadero valor de lo que se realiza.<\/p>\t\t\t\t\t\t\t\t<\/div>\n\t\t\t\t<\/div>\n\t\t\t\t\t<\/div>\n\t\t<\/div>\n\t\t\t\t\t<\/div>\n\t\t<\/section>\n\t\t\t\t<div class=\"elementor-element elementor-element-8a81c79 elementor-widget-divider--view-line elementor-widget elementor-widget-divider\" data-id=\"8a81c79\" data-element_type=\"widget\" data-e-type=\"widget\" data-widget_type=\"divider.default\">\n\t\t\t\t<div class=\"elementor-widget-container\">\n\t\t\t\t\t\t\t<div class=\"elementor-divider\">\n\t\t\t<span class=\"elementor-divider-separator\">\n\t\t\t\t\t\t<\/span>\n\t\t<\/div>\n\t\t\t\t\t\t<\/div>\n\t\t\t\t<\/div>\n\t\t<div class=\"elementor-element elementor-element-eaea717 e-con-full e-flex e-con e-parent\" data-id=\"eaea717\" data-element_type=\"container\" data-e-type=\"container\">\n\t\t\t\t<div class=\"elementor-element elementor-element-a0cbd16 elementor-widget elementor-widget-text-editor\" data-id=\"a0cbd16\" data-element_type=\"widget\" data-e-type=\"widget\" data-widget_type=\"text-editor.default\">\n\t\t\t\t<div class=\"elementor-widget-container\">\n\t\t\t\t\t\t\t\t\t<p><strong>\u00a0 \u00a0 \u00a0 \u00a0 \u00a0 \u00a0 \u00a0 \u00a0Volgo<\/strong>\u00a0adapta y ordena la informaci\u00f3n bibliogr\u00e1fica seg\u00fan cada caso, ofreciendo un servicio m\u00e1s pr\u00e1ctico y econ\u00f3mico que una agencia de marketing o contratar a diferentes profesionales para cada actividad.<br \/>\u00a0 \u00a0 \u00a0 \u00a0 \u00a0 \u00a0 \u00a0 \u00a0 \u00a0 \u00a0 El proyecto se encuentra en etapa de introducci\u00f3n en un momento en crecimiento del mercado del marketing para pymes. Por eso es importante generar una buena comunicaci\u00f3n con los interesados en implementar marketing en su empresa para que conozcan qu\u00e9 podemos ofrecerles.<br \/>\u00a0 \u00a0 \u00a0 \u00a0 \u00a0 \u00a0 \u00a0 \u00a0 \u00a0 \u00a0 \u00a0 \u00a0Nuestro compromiso es que nuestros clientes puedan entender y aprender durante el proceso de planificaci\u00f3n de marketing, y as\u00ed percibir el verdadero valor de lo que se realiza. De esta forma buscamos acompa\u00f1ar el crecimiento de la empresa encarg\u00e1ndonos del an\u00e1lisis y el procesamiento de la informaci\u00f3n e incitando a los clientes a preguntar, consultar y aportar informaci\u00f3n, generando una relaci\u00f3n de crecimiento compartido.\u00a0<br \/>\u00a0 \u00a0 \u00a0 \u00a0 \u00a0 La implementaci\u00f3n de las herramientas y la creaci\u00f3n de las piezas de comunicaci\u00f3n ser\u00e1 realizado online de acuerdo con el plan de marketing, el manual de dise\u00f1o y los pedidos de cada cliente.\u00a0<br \/>\u00a0 \u00a0 \u00a0 \u00a0 \u00a0 \u00a0 \u00a0 \u00a0 \u00a0 \u00a0 Cuando los clientes consideran que la empresa ya ha conseguido sus objetivos o que ya ha aprendido como encargarse del marketing por s\u00ed misma, puede mejorar el servicio que posee o seguir su camino independientemente. Nosotros estaremos contentos de que la empresa creci\u00f3 y que puede aportar a la sociedad a trav\u00e9s de una comunicaci\u00f3n m\u00e1s fluida con los clientes.<\/p>\t\t\t\t\t\t\t\t<\/div>\n\t\t\t\t<\/div>\n\t\t\t\t<\/div>\n\t\t\t\t\t<\/div>\n\t\t<\/div>\n\t\t\t\t\t<\/div>\n\t\t<\/section>\n\t\t<div class=\"elementor-element elementor-element-e4c541b e-flex e-con-boxed e-con e-parent\" data-id=\"e4c541b\" data-element_type=\"container\" data-e-type=\"container\" id=\"team\">\n\t\t\t\t\t<div class=\"e-con-inner\">\n\t\t\t\t<div class=\"elementor-element elementor-element-7e93160 elementor-widget elementor-widget-heading\" data-id=\"7e93160\" data-element_type=\"widget\" data-e-type=\"widget\" data-widget_type=\"heading.default\">\n\t\t\t\t<div class=\"elementor-widget-container\">\n\t\t\t\t\t<h2 class=\"elementor-heading-title elementor-size-default\">Conoce al equipo:<\/h2>\t\t\t\t<\/div>\n\t\t\t\t<\/div>\n\t\t\t\t\t<\/div>\n\t\t\t\t<\/div>\n\t\t<div class=\"elementor-element elementor-element-2f3d48f e-grid e-con-full e-con e-parent\" data-id=\"2f3d48f\" data-element_type=\"container\" data-e-type=\"container\">\n\t\t\t\t<div class=\"elementor-element elementor-element-b57893a elementor-widget__width-inherit elementor-position-top elementor-widget elementor-widget-image-box\" data-id=\"b57893a\" data-element_type=\"widget\" data-e-type=\"widget\" data-widget_type=\"image-box.default\">\n\t\t\t\t<div class=\"elementor-widget-container\">\n\t\t\t\t\t<div class=\"elementor-image-box-wrapper\"><figure class=\"elementor-image-box-img\"><img decoding=\"async\" width=\"300\" height=\"263\" src=\"https:\/\/planvolgo.com\/wp-content\/uploads\/2025\/01\/tuti-300x263.png\" class=\"attachment-medium size-medium wp-image-3124\" alt=\"\" srcset=\"https:\/\/planvolgo.com\/wp-content\/uploads\/2025\/01\/tuti-300x263.png 300w, https:\/\/planvolgo.com\/wp-content\/uploads\/2025\/01\/tuti-2048x1798.png 2048w, https:\/\/planvolgo.com\/wp-content\/uploads\/2025\/01\/tuti-768x674.png 768w, https:\/\/planvolgo.com\/wp-content\/uploads\/2025\/01\/tuti-1536x1349.png 1536w, https:\/\/planvolgo.com\/wp-content\/uploads\/2025\/01\/tuti-14x12.png 14w\" sizes=\"(max-width: 300px) 100vw, 300px\" \/><\/figure><div class=\"elementor-image-box-content\"><h3 class=\"elementor-image-box-title\">Agustin Lores<\/h3><p class=\"elementor-image-box-description\">Agust\u00edn Lores is a designer who joins the project to contribute his technical knowledge of design.\nThe process of supervising the design of each piece of communication ensures that it takes into account all the details to achieve its objectives and comply with the brand's visual identity.<\/p><\/div><\/div>\t\t\t\t<\/div>\n\t\t\t\t<\/div>\n\t\t\t\t<div class=\"elementor-element elementor-element-ee4b862 elementor-widget__width-inherit elementor-position-top elementor-widget elementor-widget-image-box\" data-id=\"ee4b862\" data-element_type=\"widget\" data-e-type=\"widget\" data-widget_type=\"image-box.default\">\n\t\t\t\t<div class=\"elementor-widget-container\">\n\t\t\t\t\t<div class=\"elementor-image-box-wrapper\"><figure class=\"elementor-image-box-img\"><img loading=\"lazy\" decoding=\"async\" width=\"300\" height=\"263\" src=\"https:\/\/planvolgo.com\/wp-content\/uploads\/2025\/01\/eli-300x263.png\" class=\"attachment-medium size-medium wp-image-3122\" alt=\"\" srcset=\"https:\/\/planvolgo.com\/wp-content\/uploads\/2025\/01\/eli-300x263.png 300w, https:\/\/planvolgo.com\/wp-content\/uploads\/2025\/01\/eli-2048x1797.png 2048w, https:\/\/planvolgo.com\/wp-content\/uploads\/2025\/01\/eli-768x674.png 768w, https:\/\/planvolgo.com\/wp-content\/uploads\/2025\/01\/eli-1536x1348.png 1536w, https:\/\/planvolgo.com\/wp-content\/uploads\/2025\/01\/eli-14x12.png 14w\" sizes=\"(max-width: 300px) 100vw, 300px\" \/><\/figure><div class=\"elementor-image-box-content\"><h3 class=\"elementor-image-box-title\">Eliana Herrera<\/h3><p class=\"elementor-image-box-description\">Soy Licenciada en Publicidad, apasionada por crear estrategias que conecten marcas con personas. Disfruto trabajar en equipo, donde las ideas fluyen y se potencian. <br>\n\nComo exjugadora de hockey, valoro la disciplina y el compa\u00f1erismo, cualidades que llevo a cada proyecto.<br>\n\nCreo en la creatividad con prop\u00f3sito y en construir v\u00ednculos que\u00a0trasciendan.<\/p><\/div><\/div>\t\t\t\t<\/div>\n\t\t\t\t<\/div>\n\t\t\t\t<div class=\"elementor-element elementor-element-4eb0a11 elementor-widget__width-inherit elementor-position-top elementor-widget elementor-widget-image-box\" data-id=\"4eb0a11\" data-element_type=\"widget\" data-e-type=\"widget\" data-widget_type=\"image-box.default\">\n\t\t\t\t<div class=\"elementor-widget-container\">\n\t\t\t\t\t<div class=\"elementor-image-box-wrapper\"><figure class=\"elementor-image-box-img\"><img loading=\"lazy\" decoding=\"async\" width=\"300\" height=\"263\" src=\"https:\/\/planvolgo.com\/wp-content\/uploads\/2025\/01\/lucas-1-300x263.png\" class=\"attachment-medium size-medium wp-image-3125\" alt=\"\" srcset=\"https:\/\/planvolgo.com\/wp-content\/uploads\/2025\/01\/lucas-1-300x263.png 300w, https:\/\/planvolgo.com\/wp-content\/uploads\/2025\/01\/lucas-1-2048x1797.png 2048w, https:\/\/planvolgo.com\/wp-content\/uploads\/2025\/01\/lucas-1-768x674.png 768w, https:\/\/planvolgo.com\/wp-content\/uploads\/2025\/01\/lucas-1-1536x1348.png 1536w\" sizes=\"(max-width: 300px) 100vw, 300px\" \/><\/figure><div class=\"elementor-image-box-content\"><h3 class=\"elementor-image-box-title\">Lucas Martino<\/h3><p class=\"elementor-image-box-description\">Soy Licenciado en publicidad y he estudiado marketing durante a\u00f1os. <br>\nBusco la forma de acercar las herramientas de marketing m\u00e1s importantes a los peque\u00f1os negocios. <br>\nMe gusta mucho viajar, hacer cerveza y la lectura. \n<\/p><\/div><\/div>\t\t\t\t<\/div>\n\t\t\t\t<\/div>\n\t\t\t\t<\/div>\n\t\t<div class=\"elementor-element elementor-element-a3fabb8 e-con-full e-flex e-con e-parent\" data-id=\"a3fabb8\" data-element_type=\"container\" data-e-type=\"container\">\n\t\t<div class=\"elementor-element elementor-element-a999155 e-con-full e-flex e-con e-child\" data-id=\"a999155\" data-element_type=\"container\" data-e-type=\"container\">\n\t\t<div class=\"elementor-element elementor-element-2ee64c4 e-con-full e-flex e-con e-child\" data-id=\"2ee64c4\" data-element_type=\"container\" data-e-type=\"container\">\n\t\t<div class=\"elementor-element elementor-element-e5b19ec e-con-full e-flex e-con e-child\" data-id=\"e5b19ec\" data-element_type=\"container\" data-e-type=\"container\">\n\t\t\t\t<div class=\"elementor-element elementor-element-9b0e60a elementor-widget elementor-widget-text-editor\" data-id=\"9b0e60a\" data-element_type=\"widget\" data-e-type=\"widget\" data-widget_type=\"text-editor.default\">\n\t\t\t\t<div class=\"elementor-widget-container\">\n\t\t\t\t\t\t\t\t\t<p>Si desea tener m\u00e1s informaci\u00f3n sobre la empresa, los participantes, procesos u otros detalles.<\/p>\t\t\t\t\t\t\t\t<\/div>\n\t\t\t\t<\/div>\n\t\t\t\t<\/div>\n\t\t<div class=\"elementor-element elementor-element-97a419d e-con-full e-flex e-con e-child\" data-id=\"97a419d\" data-element_type=\"container\" data-e-type=\"container\">\n\t\t\t\t<div class=\"elementor-element elementor-element-e2a733d elementor-align-center elementor-tablet-align-center elementor-invisible elementor-widget elementor-widget-button\" data-id=\"e2a733d\" data-element_type=\"widget\" data-e-type=\"widget\" data-settings=\"{&quot;_animation&quot;:&quot;headShake&quot;}\" data-widget_type=\"button.default\">\n\t\t\t\t<div class=\"elementor-widget-container\">\n\t\t\t\t\t\t\t\t\t<div class=\"elementor-button-wrapper\">\n\t\t\t\t\t<a class=\"elementor-button elementor-button-link elementor-size-sm\" href=\"https:\/\/planvolgo.com\/es\/contacto\/\">\n\t\t\t\t\t\t<span class=\"elementor-button-content-wrapper\">\n\t\t\t\t\t\t\t\t\t<span class=\"elementor-button-text\">Cont\u00e1ctenos<\/span>\n\t\t\t\t\t<\/span>\n\t\t\t\t\t<\/a>\n\t\t\t\t<\/div>\n\t\t\t\t\t\t\t\t<\/div>\n\t\t\t\t<\/div>\n\t\t\t\t<\/div>\n\t\t\t\t<\/div>\n\t\t\t\t<\/div>\n\t\t\t\t<\/div>\n\t\t\t\t<\/div>","protected":false},"excerpt":{"rendered":"<p>Design &#8211; Social media &#8211; Websites &#8211; Marketing What is Volgo? A project with the goal of offering the planning and implementation of marketing, in a accessible way for small business. Creating a process to adapt and order the information according to each client. The idea is to be a marketing department for small business, [&hellip;]<\/p>\n","protected":false},"author":1,"featured_media":0,"parent":0,"menu_order":0,"comment_status":"closed","ping_status":"closed","template":"elementor_header_footer","meta":{"footnotes":""},"class_list":["post-81","page","type-page","status-publish","hentry","entry"],"_links":{"self":[{"href":"https:\/\/planvolgo.com\/es\/wp-json\/wp\/v2\/pages\/81","targetHints":{"allow":["GET"]}}],"collection":[{"href":"https:\/\/planvolgo.com\/es\/wp-json\/wp\/v2\/pages"}],"about":[{"href":"https:\/\/planvolgo.com\/es\/wp-json\/wp\/v2\/types\/page"}],"author":[{"embeddable":true,"href":"https:\/\/planvolgo.com\/es\/wp-json\/wp\/v2\/users\/1"}],"replies":[{"embeddable":true,"href":"https:\/\/planvolgo.com\/es\/wp-json\/wp\/v2\/comments?post=81"}],"version-history":[{"count":63,"href":"https:\/\/planvolgo.com\/es\/wp-json\/wp\/v2\/pages\/81\/revisions"}],"predecessor-version":[{"id":3141,"href":"https:\/\/planvolgo.com\/es\/wp-json\/wp\/v2\/pages\/81\/revisions\/3141"}],"wp:attachment":[{"href":"https:\/\/planvolgo.com\/es\/wp-json\/wp\/v2\/media?parent=81"}],"curies":[{"name":"wp","href":"https:\/\/api.w.org\/{rel}","templated":true}]}}